{"id":647,"date":"2023-08-12T14:09:46","date_gmt":"2023-08-12T14:09:46","guid":{"rendered":"https:\/\/trynova.org\/community-crisis-response-2\/"},"modified":"2025-06-18T10:51:23","modified_gmt":"2025-06-18T14:51:23","slug":"credentialing","status":"publish","type":"page","link":"https:\/\/trynova.org\/es\/credentialing\/","title":{"rendered":"acreditaci\u00f3n"},"content":{"rendered":"<div data-elementor-type=\"wp-page\" data-elementor-id=\"647\" class=\"elementor elementor-647\" data-elementor-settings=\"{&quot;ha_cmc_init_switcher&quot;:&quot;no&quot;}\" data-elementor-post-type=\"page\">\n\t\t\t\t<div data-particle_enable=\"false\" data-particle-mobile-disabled=\"false\" class=\"elementor-element elementor-element-23512d33 e-flex e-con-boxed e-con e-parent\" data-id=\"23512d33\" data-element_type=\"container\" data-e-type=\"container\" data-settings=\"{&quot;background_background&quot;:&quot;classic&quot;,&quot;_ha_eqh_enable&quot;:false}\">\n\t\t\t\t\t<div class=\"e-con-inner\">\n\t\t\t\t<div class=\"elementor-element elementor-element-2fd786ac elementor-widget elementor-widget-heading\" data-id=\"2fd786ac\" data-element_type=\"widget\" data-e-type=\"widget\" data-widget_type=\"heading.default\">\n\t\t\t\t<div class=\"elementor-widget-container\">\n\t\t\t\t\t<h1 class=\"elementor-heading-title elementor-size-default\">Credencializaci\u00f3n para profesionales de asistencia a v\u00edctimas<\/h1>\t\t\t\t<\/div>\n\t\t\t\t<\/div>\n\t\t\t\t\t<\/div>\n\t\t\t\t<\/div>\n\t\t<div data-particle_enable=\"false\" data-particle-mobile-disabled=\"false\" class=\"elementor-element elementor-element-7aa9f8ae e-flex e-con-boxed e-con e-parent\" data-id=\"7aa9f8ae\" data-element_type=\"container\" data-e-type=\"container\" data-settings=\"{&quot;_ha_eqh_enable&quot;:false}\">\n\t\t\t\t\t<div class=\"e-con-inner\">\n\t\t\t\t<div class=\"elementor-element elementor-element-303bd16a elementor-widget elementor-widget-heading\" data-id=\"303bd16a\" data-element_type=\"widget\" data-e-type=\"widget\" data-widget_type=\"heading.default\">\n\t\t\t\t<div class=\"elementor-widget-container\">\n\t\t\t\t\t<h2 class=\"elementor-heading-title elementor-size-default\">Convi\u00e9rtase en un defensor de v\u00edctimas acreditado<\/h2>\t\t\t\t<\/div>\n\t\t\t\t<\/div>\n\t\t\t\t<div class=\"elementor-element elementor-element-212b90de elementor-widget elementor-widget-text-editor\" data-id=\"212b90de\" data-element_type=\"widget\" data-e-type=\"widget\" data-widget_type=\"text-editor.default\">\n\t\t\t\t<div class=\"elementor-widget-container\">\n\t\t\t\t\t\t\t\t\t<p style=\"text-align: center;\"><span style=\"font-weight: 400;\">NOVA launched the National Advocate Credentialing Program, the first voluntary credentialing program available, to crime victim advocates nationwide in 2003.\u00a0<\/span><\/p><p style=\"text-align: center;\"><span style=\"font-weight: 400;\">Capac\u00edtese y aprenda con NOVA para obtener su credencial a trav\u00e9s de uno de nuestros programas de acreditaci\u00f3n de defensores de v\u00edctimas. Convertirse en un defensor acreditado establece su credibilidad, avanza en el campo de la asistencia a las v\u00edctimas y mejora su reconocimiento y movilidad profesional.<\/span><\/p><p style=\"text-align: center;\"><span style=\"font-weight: 400;\">Continuamos desarrollando y perfeccionando nuestros programas de acreditaci\u00f3n para que los defensores de las v\u00edctimas de delitos tengan acceso a certificaciones relevantes por nivel y designaci\u00f3n.<\/span><\/p>\t\t\t\t\t\t\t\t<\/div>\n\t\t\t\t<\/div>\n\t\t\t\t\t<\/div>\n\t\t\t\t<\/div>\n\t\t<div data-particle_enable=\"false\" data-particle-mobile-disabled=\"false\" class=\"elementor-element elementor-element-59bfb9c e-flex e-con-boxed e-con e-parent\" data-id=\"59bfb9c\" data-element_type=\"container\" data-e-type=\"container\" data-settings=\"{&quot;background_background&quot;:&quot;classic&quot;,&quot;_ha_eqh_enable&quot;:false}\">\n\t\t\t\t\t<div class=\"e-con-inner\">\n\t\t\t\t<div class=\"elementor-element elementor-element-59ab647 elementor-widget elementor-widget-heading\" data-id=\"59ab647\" data-element_type=\"widget\" data-e-type=\"widget\" data-widget_type=\"heading.default\">\n\t\t\t\t<div class=\"elementor-widget-container\">\n\t\t\t\t\t<h2 class=\"elementor-heading-title elementor-size-default\">National Advocate Credentialing Program\u00ae<\/h2>\t\t\t\t<\/div>\n\t\t\t\t<\/div>\n\t\t<div data-particle_enable=\"false\" data-particle-mobile-disabled=\"false\" class=\"elementor-element elementor-element-7f0b6b3 e-grid e-con-full e-con e-child\" data-id=\"7f0b6b3\" data-element_type=\"container\" data-e-type=\"container\" data-settings=\"{&quot;_ha_eqh_enable&quot;:false}\">\n\t\t<div data-particle_enable=\"false\" data-particle-mobile-disabled=\"false\" class=\"elementor-element elementor-element-8c5d534 e-con-full e-flex e-con e-child\" data-id=\"8c5d534\" data-element_type=\"container\" data-e-type=\"container\" data-settings=\"{&quot;_ha_eqh_enable&quot;:false}\">\n\t\t\t\t<div class=\"elementor-element elementor-element-d57bf1a elementor-widget elementor-widget-text-editor\" data-id=\"d57bf1a\" data-element_type=\"widget\" data-e-type=\"widget\" data-widget_type=\"text-editor.default\">\n\t\t\t\t<div class=\"elementor-widget-container\">\n\t\t\t\t\t\t\t\t\t<p><span style=\"font-weight: 400;\">Apply for the NACP to become a Credentialed Advocate. NACP promotes a minimum of 40 hours of pre-service training, recognizes previous years of paid or volunteer advocacy experience, and requires continuing education for all NACP-credentialed advocates.<\/span><\/p>\t\t\t\t\t\t\t\t<\/div>\n\t\t\t\t<\/div>\n\t\t\t\t<div class=\"elementor-element elementor-element-7e82bde elementor-align-left elementor-widget elementor-widget-button\" data-id=\"7e82bde\" data-element_type=\"widget\" data-e-type=\"widget\" data-widget_type=\"button.default\">\n\t\t\t\t<div class=\"elementor-widget-container\">\n\t\t\t\t\t\t\t\t\t<div class=\"elementor-button-wrapper\">\n\t\t\t\t\t<a class=\"elementor-button elementor-button-link elementor-size-sm\" href=\"https:\/\/trynova.org\/es\/credentialing\/nacp\/\">\n\t\t\t\t\t\t<span class=\"elementor-button-content-wrapper\">\n\t\t\t\t\t\t\t\t\t<span class=\"elementor-button-text\">Aprende m\u00e1s<\/span>\n\t\t\t\t\t<\/span>\n\t\t\t\t\t<\/a>\n\t\t\t\t<\/div>\n\t\t\t\t\t\t\t\t<\/div>\n\t\t\t\t<\/div>\n\t\t\t\t<\/div>\n\t\t\t\t<div class=\"elementor-element elementor-element-96c1495 elementor-widget elementor-widget-image\" data-id=\"96c1495\" data-element_type=\"widget\" data-e-type=\"widget\" data-widget_type=\"image.default\">\n\t\t\t\t<div class=\"elementor-widget-container\">\n\t\t\t\t\t\t\t\t\t\t\t\t\t\t\t<img fetchpriority=\"high\" decoding=\"async\" width=\"800\" height=\"800\" src=\"https:\/\/trynova.org\/wp-content\/uploads\/2024\/08\/NOVA50-80-1024x1024.jpg\" class=\"attachment-large size-large wp-image-2380\" alt=\"\" srcset=\"https:\/\/trynova.org\/wp-content\/uploads\/2024\/08\/NOVA50-80-1024x1024.jpg 1024w, https:\/\/trynova.org\/wp-content\/uploads\/2024\/08\/NOVA50-80-300x300.jpg 300w, https:\/\/trynova.org\/wp-content\/uploads\/2024\/08\/NOVA50-80-150x150.jpg 150w, https:\/\/trynova.org\/wp-content\/uploads\/2024\/08\/NOVA50-80-768x768.jpg 768w, https:\/\/trynova.org\/wp-content\/uploads\/2024\/08\/NOVA50-80-1536x1536.jpg 1536w, https:\/\/trynova.org\/wp-content\/uploads\/2024\/08\/NOVA50-80-2048x2048.jpg 2048w, https:\/\/trynova.org\/wp-content\/uploads\/2024\/08\/NOVA50-80-12x12.jpg 12w\" sizes=\"(max-width: 800px) 100vw, 800px\" \/>\t\t\t\t\t\t\t\t\t\t\t\t\t\t\t<\/div>\n\t\t\t\t<\/div>\n\t\t\t\t<\/div>\n\t\t\t\t\t<\/div>\n\t\t\t\t<\/div>\n\t\t<div data-particle_enable=\"false\" data-particle-mobile-disabled=\"false\" class=\"elementor-element elementor-element-e8f5a55 e-flex e-con-boxed e-con e-parent\" data-id=\"e8f5a55\" data-element_type=\"container\" data-e-type=\"container\" data-settings=\"{&quot;_ha_eqh_enable&quot;:false}\">\n\t\t\t\t\t<div class=\"e-con-inner\">\n\t\t\t\t<div class=\"elementor-element elementor-element-3363e1c elementor-widget elementor-widget-heading\" data-id=\"3363e1c\" data-element_type=\"widget\" data-e-type=\"widget\" data-widget_type=\"heading.default\">\n\t\t\t\t<div class=\"elementor-widget-container\">\n\t\t\t\t\t<h2 class=\"elementor-heading-title elementor-size-default\">Programa de Certificaci\u00f3n de Defensores de Agresi\u00f3n Sexual del DOD (D-SAACP)<\/h2>\t\t\t\t<\/div>\n\t\t\t\t<\/div>\n\t\t<div data-particle_enable=\"false\" data-particle-mobile-disabled=\"false\" class=\"elementor-element elementor-element-5cdec12 e-grid e-con-full e-con e-child\" data-id=\"5cdec12\" data-element_type=\"container\" data-e-type=\"container\" data-settings=\"{&quot;_ha_eqh_enable&quot;:false}\">\n\t\t<div data-particle_enable=\"false\" data-particle-mobile-disabled=\"false\" class=\"elementor-element elementor-element-f70ef70 e-con-full e-flex e-con e-child\" data-id=\"f70ef70\" data-element_type=\"container\" data-e-type=\"container\" data-settings=\"{&quot;_ha_eqh_enable&quot;:false}\">\n\t\t\t\t<div class=\"elementor-element elementor-element-797eca8 elementor-widget elementor-widget-image\" data-id=\"797eca8\" data-element_type=\"widget\" data-e-type=\"widget\" data-widget_type=\"image.default\">\n\t\t\t\t<div class=\"elementor-widget-container\">\n\t\t\t\t\t\t\t\t\t\t\t\t\t\t\t<img decoding=\"async\" data-src=\"https:\/\/trynova.org\/wp-content\/uploads\/elementor\/thumbs\/SAPRO_D-SAACP_Logo_2.5_Inch_FINAL-riaw7pzd7av8wbrlcl7lcjozmutb9qc5mhw0x57vsg.png\" title=\"SAPRO_D-SAACP_Logo_2.5_Inch_FINAL\" alt=\"SAPRO_D-SAACP_Logo_2.5_Inch_FINAL\" src=\"data:image\/svg+xml;base64,PHN2ZyB3aWR0aD0iMSIgaGVpZ2h0PSIxIiB4bWxucz0iaHR0cDovL3d3dy53My5vcmcvMjAwMC9zdmciPjwvc3ZnPg==\" class=\"lazyload\" style=\"--smush-placeholder-width: 100px; --smush-placeholder-aspect-ratio: 100\/120;\" \/>\t\t\t\t\t\t\t\t\t\t\t\t\t\t\t<\/div>\n\t\t\t\t<\/div>\n\t\t\t\t<div class=\"elementor-element elementor-element-7cbd154 elementor-widget elementor-widget-text-editor\" data-id=\"7cbd154\" data-element_type=\"widget\" data-e-type=\"widget\" data-widget_type=\"text-editor.default\">\n\t\t\t\t<div class=\"elementor-widget-container\">\n\t\t\t\t\t\t\t\t\t<p><span style=\"font-weight: 400;\">\u00danase a un campo cada vez mayor de defensores de v\u00edctimas civiles capacitados y certificados que defienden los m\u00e1s altos est\u00e1ndares de atenci\u00f3n y privacidad de las v\u00edctimas. El D-SAACP es para coordinadores de respuesta a agresiones sexuales, gerentes de programas de respuesta y prevenci\u00f3n de agresiones sexuales y defensores de v\u00edctimas de respuesta y prevenci\u00f3n de agresiones sexuales.<\/span><\/p>\t\t\t\t\t\t\t\t<\/div>\n\t\t\t\t<\/div>\n\t\t\t\t<div class=\"elementor-element elementor-element-7767587 elementor-align-left elementor-widget elementor-widget-button\" data-id=\"7767587\" data-element_type=\"widget\" data-e-type=\"widget\" data-widget_type=\"button.default\">\n\t\t\t\t<div class=\"elementor-widget-container\">\n\t\t\t\t\t\t\t\t\t<div class=\"elementor-button-wrapper\">\n\t\t\t\t\t<a class=\"elementor-button elementor-button-link elementor-size-sm\" href=\"\/es\/d-saacp\/\">\n\t\t\t\t\t\t<span class=\"elementor-button-content-wrapper\">\n\t\t\t\t\t\t\t\t\t<span class=\"elementor-button-text\">Aprende m\u00e1s<\/span>\n\t\t\t\t\t<\/span>\n\t\t\t\t\t<\/a>\n\t\t\t\t<\/div>\n\t\t\t\t\t\t\t\t<\/div>\n\t\t\t\t<\/div>\n\t\t\t\t<\/div>\n\t\t\t\t<div class=\"elementor-element elementor-element-d7e6827 elementor-widget elementor-widget-image\" data-id=\"d7e6827\" data-element_type=\"widget\" data-e-type=\"widget\" data-widget_type=\"image.default\">\n\t\t\t\t<div class=\"elementor-widget-container\">\n\t\t\t\t\t\t\t\t\t\t\t\t\t\t\t<img decoding=\"async\" width=\"800\" height=\"800\" data-src=\"https:\/\/trynova.org\/wp-content\/uploads\/2024\/08\/NOVA50-184-1024x1024.jpg\" class=\"attachment-large size-large wp-image-2381 lazyload\" alt=\"\" data-srcset=\"https:\/\/trynova.org\/wp-content\/uploads\/2024\/08\/NOVA50-184-1024x1024.jpg 1024w, https:\/\/trynova.org\/wp-content\/uploads\/2024\/08\/NOVA50-184-300x300.jpg 300w, https:\/\/trynova.org\/wp-content\/uploads\/2024\/08\/NOVA50-184-150x150.jpg 150w, https:\/\/trynova.org\/wp-content\/uploads\/2024\/08\/NOVA50-184-768x768.jpg 768w, https:\/\/trynova.org\/wp-content\/uploads\/2024\/08\/NOVA50-184-1536x1536.jpg 1536w, https:\/\/trynova.org\/wp-content\/uploads\/2024\/08\/NOVA50-184-2048x2048.jpg 2048w, https:\/\/trynova.org\/wp-content\/uploads\/2024\/08\/NOVA50-184-12x12.jpg 12w\" data-sizes=\"(max-width: 800px) 100vw, 800px\" src=\"data:image\/svg+xml;base64,PHN2ZyB3aWR0aD0iMSIgaGVpZ2h0PSIxIiB4bWxucz0iaHR0cDovL3d3dy53My5vcmcvMjAwMC9zdmciPjwvc3ZnPg==\" style=\"--smush-placeholder-width: 800px; --smush-placeholder-aspect-ratio: 800\/800;\" \/>\t\t\t\t\t\t\t\t\t\t\t\t\t\t\t<\/div>\n\t\t\t\t<\/div>\n\t\t\t\t<\/div>\n\t\t\t\t\t<\/div>\n\t\t\t\t<\/div>\n\t\t\t\t<\/div>","protected":false},"excerpt":{"rendered":"<p>Credentialing for Victim Assistance Professionals Become a Credentialed Victim Advocate NOVA launched the National Advocate Credentialing Program, the first voluntary credentialing program available, to crime victim advocates nationwide in 2003.\u00a0 Train and learn with NOVA to earn your credential through one of our victim advocate credentialing programs. Becoming a Credentialed Advocate establishes your credibility, advances [&hellip;]<\/p>\n","protected":false},"author":9,"featured_media":0,"parent":0,"menu_order":0,"comment_status":"closed","ping_status":"closed","template":"","meta":{"_acf_changed":false,"_eb_attr":"","content-type":"","footnotes":""},"class_list":["post-647","page","type-page","status-publish","hentry"],"acf":[],"yoast_head":"<!-- This site is optimized with the Yoast SEO plugin v27.4 - https:\/\/yoast.com\/product\/yoast-seo-wordpress\/ -->\n<title>Credentialing | NOVA<\/title>\n<meta name=\"robots\" content=\"index, follow, max-snippet:-1, max-image-preview:large, max-video-preview:-1\" \/>\n<link rel=\"canonical\" href=\"https:\/\/trynova.org\/es\/credentialing\/\" \/>\n<meta property=\"og:locale\" content=\"es_MX\" \/>\n<meta property=\"og:type\" content=\"article\" \/>\n<meta property=\"og:title\" content=\"Credentialing | NOVA\" \/>\n<meta property=\"og:description\" content=\"Credentialing for Victim Assistance Professionals Become a Credentialed Victim Advocate NOVA launched the National Advocate Credentialing Program, the first voluntary credentialing program available, to crime victim advocates nationwide in 2003.\u00a0 Train and learn with NOVA to earn your credential through one of our victim advocate credentialing programs. Becoming a Credentialed Advocate establishes your credibility, advances [&hellip;]\" \/>\n<meta property=\"og:url\" content=\"https:\/\/trynova.org\/es\/credentialing\/\" \/>\n<meta property=\"og:site_name\" content=\"NOVA\" \/>\n<meta property=\"article:publisher\" content=\"https:\/\/www.facebook.com\/NOVAVictims\" \/>\n<meta property=\"article:modified_time\" content=\"2025-06-18T14:51:23+00:00\" \/>\n<meta property=\"og:image\" content=\"https:\/\/trynova.org\/wp-content\/uploads\/2024\/08\/NOVA50-80.jpg\" \/>\n\t<meta property=\"og:image:width\" content=\"2400\" \/>\n\t<meta property=\"og:image:height\" content=\"2400\" \/>\n\t<meta property=\"og:image:type\" content=\"image\/jpeg\" \/>\n<meta name=\"twitter:card\" content=\"summary_large_image\" \/>\n<meta name=\"twitter:site\" content=\"@NOVAVictims\" \/>\n<meta name=\"twitter:label1\" content=\"Tiempo de lectura\" \/>\n\t<meta name=\"twitter:data1\" content=\"2 minutos\" \/>\n<script type=\"application\/ld+json\" class=\"yoast-schema-graph\">{\"@context\":\"https:\\\/\\\/schema.org\",\"@graph\":[{\"@type\":\"WebPage\",\"@id\":\"https:\\\/\\\/trynova.org\\\/credentialing\\\/\",\"url\":\"https:\\\/\\\/trynova.org\\\/credentialing\\\/\",\"name\":\"Credentialing | NOVA\",\"isPartOf\":{\"@id\":\"https:\\\/\\\/trynova.org\\\/#website\"},\"primaryImageOfPage\":{\"@id\":\"https:\\\/\\\/trynova.org\\\/credentialing\\\/#primaryimage\"},\"image\":{\"@id\":\"https:\\\/\\\/trynova.org\\\/credentialing\\\/#primaryimage\"},\"thumbnailUrl\":\"https:\\\/\\\/trynova.org\\\/wp-content\\\/uploads\\\/2024\\\/08\\\/NOVA50-80-1024x1024.jpg\",\"datePublished\":\"2023-08-12T14:09:46+00:00\",\"dateModified\":\"2025-06-18T14:51:23+00:00\",\"breadcrumb\":{\"@id\":\"https:\\\/\\\/trynova.org\\\/credentialing\\\/#breadcrumb\"},\"inLanguage\":\"es\",\"potentialAction\":[{\"@type\":\"ReadAction\",\"target\":[\"https:\\\/\\\/trynova.org\\\/credentialing\\\/\"]}]},{\"@type\":\"ImageObject\",\"inLanguage\":\"es\",\"@id\":\"https:\\\/\\\/trynova.org\\\/credentialing\\\/#primaryimage\",\"url\":\"https:\\\/\\\/trynova.org\\\/wp-content\\\/uploads\\\/2024\\\/08\\\/NOVA50-80-1024x1024.jpg\",\"contentUrl\":\"https:\\\/\\\/trynova.org\\\/wp-content\\\/uploads\\\/2024\\\/08\\\/NOVA50-80-1024x1024.jpg\"},{\"@type\":\"BreadcrumbList\",\"@id\":\"https:\\\/\\\/trynova.org\\\/credentialing\\\/#breadcrumb\",\"itemListElement\":[{\"@type\":\"ListItem\",\"position\":1,\"name\":\"Home\",\"item\":\"https:\\\/\\\/trynova.org\\\/\"},{\"@type\":\"ListItem\",\"position\":2,\"name\":\"Credentialing\"}]},{\"@type\":\"WebSite\",\"@id\":\"https:\\\/\\\/trynova.org\\\/#website\",\"url\":\"https:\\\/\\\/trynova.org\\\/\",\"name\":\"National Organization for Victims Advocacy\",\"description\":\"Leading the Nation in Victim Services &amp; Crisis Response\",\"publisher\":{\"@id\":\"https:\\\/\\\/trynova.org\\\/#organization\"},\"alternateName\":\"NOVA\",\"potentialAction\":[{\"@type\":\"SearchAction\",\"target\":{\"@type\":\"EntryPoint\",\"urlTemplate\":\"https:\\\/\\\/trynova.org\\\/?s={search_term_string}\"},\"query-input\":{\"@type\":\"PropertyValueSpecification\",\"valueRequired\":true,\"valueName\":\"search_term_string\"}}],\"inLanguage\":\"es\"},{\"@type\":\"Organization\",\"@id\":\"https:\\\/\\\/trynova.org\\\/#organization\",\"name\":\"National Organization for Victims Adocacy\",\"alternateName\":\"NOVA\",\"url\":\"https:\\\/\\\/trynova.org\\\/\",\"logo\":{\"@type\":\"ImageObject\",\"inLanguage\":\"es\",\"@id\":\"https:\\\/\\\/trynova.org\\\/#\\\/schema\\\/logo\\\/image\\\/\",\"url\":\"https:\\\/\\\/trynova.org\\\/wp-content\\\/uploads\\\/2023\\\/05\\\/NOVA_Logo.png\",\"contentUrl\":\"https:\\\/\\\/trynova.org\\\/wp-content\\\/uploads\\\/2023\\\/05\\\/NOVA_Logo.png\",\"width\":792,\"height\":215,\"caption\":\"National Organization for Victims Adocacy\"},\"image\":{\"@id\":\"https:\\\/\\\/trynova.org\\\/#\\\/schema\\\/logo\\\/image\\\/\"},\"sameAs\":[\"https:\\\/\\\/www.facebook.com\\\/NOVAVictims\",\"https:\\\/\\\/x.com\\\/NOVAVictims\",\"https:\\\/\\\/www.linkedin.com\\\/company\\\/2746715?trk=tyah&trkInfo=clickedVerticalcompanyclickedEntityId2746715idx1-1-1tarId1459390743601tasnationalorganizationforvictim\",\"https:\\\/\\\/www.instagram.com\\\/novavictims\\\/\"]}]}<\/script>\n<!-- \/ Yoast SEO plugin. -->","yoast_head_json":{"title":"Credentialing | NOVA","robots":{"index":"index","follow":"follow","max-snippet":"max-snippet:-1","max-image-preview":"max-image-preview:large","max-video-preview":"max-video-preview:-1"},"canonical":"https:\/\/trynova.org\/es\/credentialing\/","og_locale":"es_MX","og_type":"article","og_title":"Credentialing | NOVA","og_description":"Credentialing for Victim Assistance Professionals Become a Credentialed Victim Advocate NOVA launched the National Advocate Credentialing Program, the first voluntary credentialing program available, to crime victim advocates nationwide in 2003.\u00a0 Train and learn with NOVA to earn your credential through one of our victim advocate credentialing programs. Becoming a Credentialed Advocate establishes your credibility, advances [&hellip;]","og_url":"https:\/\/trynova.org\/es\/credentialing\/","og_site_name":"NOVA","article_publisher":"https:\/\/www.facebook.com\/NOVAVictims","article_modified_time":"2025-06-18T14:51:23+00:00","og_image":[{"width":2400,"height":2400,"url":"https:\/\/trynova.org\/wp-content\/uploads\/2024\/08\/NOVA50-80.jpg","type":"image\/jpeg"}],"twitter_card":"summary_large_image","twitter_site":"@NOVAVictims","twitter_misc":{"Tiempo de lectura":"2 minutos"},"schema":{"@context":"https:\/\/schema.org","@graph":[{"@type":"WebPage","@id":"https:\/\/trynova.org\/credentialing\/","url":"https:\/\/trynova.org\/credentialing\/","name":"Credentialing | NOVA","isPartOf":{"@id":"https:\/\/trynova.org\/#website"},"primaryImageOfPage":{"@id":"https:\/\/trynova.org\/credentialing\/#primaryimage"},"image":{"@id":"https:\/\/trynova.org\/credentialing\/#primaryimage"},"thumbnailUrl":"https:\/\/trynova.org\/wp-content\/uploads\/2024\/08\/NOVA50-80-1024x1024.jpg","datePublished":"2023-08-12T14:09:46+00:00","dateModified":"2025-06-18T14:51:23+00:00","breadcrumb":{"@id":"https:\/\/trynova.org\/credentialing\/#breadcrumb"},"inLanguage":"es","potentialAction":[{"@type":"ReadAction","target":["https:\/\/trynova.org\/credentialing\/"]}]},{"@type":"ImageObject","inLanguage":"es","@id":"https:\/\/trynova.org\/credentialing\/#primaryimage","url":"https:\/\/trynova.org\/wp-content\/uploads\/2024\/08\/NOVA50-80-1024x1024.jpg","contentUrl":"https:\/\/trynova.org\/wp-content\/uploads\/2024\/08\/NOVA50-80-1024x1024.jpg"},{"@type":"BreadcrumbList","@id":"https:\/\/trynova.org\/credentialing\/#breadcrumb","itemListElement":[{"@type":"ListItem","position":1,"name":"Home","item":"https:\/\/trynova.org\/"},{"@type":"ListItem","position":2,"name":"Credentialing"}]},{"@type":"WebSite","@id":"https:\/\/trynova.org\/#website","url":"https:\/\/trynova.org\/","name":"National Organization for Victims Advocacy","description":"Liderando la Naci\u00f3n en Servicios para V\u00edctimas y Respuesta a Crisis","publisher":{"@id":"https:\/\/trynova.org\/#organization"},"alternateName":"NOVA","potentialAction":[{"@type":"SearchAction","target":{"@type":"EntryPoint","urlTemplate":"https:\/\/trynova.org\/?s={search_term_string}"},"query-input":{"@type":"PropertyValueSpecification","valueRequired":true,"valueName":"search_term_string"}}],"inLanguage":"es"},{"@type":"Organization","@id":"https:\/\/trynova.org\/#organization","name":"National Organization for Victims Adocacy","alternateName":"NOVA","url":"https:\/\/trynova.org\/","logo":{"@type":"ImageObject","inLanguage":"es","@id":"https:\/\/trynova.org\/#\/schema\/logo\/image\/","url":"https:\/\/trynova.org\/wp-content\/uploads\/2023\/05\/NOVA_Logo.png","contentUrl":"https:\/\/trynova.org\/wp-content\/uploads\/2023\/05\/NOVA_Logo.png","width":792,"height":215,"caption":"National Organization for Victims Adocacy"},"image":{"@id":"https:\/\/trynova.org\/#\/schema\/logo\/image\/"},"sameAs":["https:\/\/www.facebook.com\/NOVAVictims","https:\/\/x.com\/NOVAVictims","https:\/\/www.linkedin.com\/company\/2746715?trk=tyah&trkInfo=clickedVerticalcompanyclickedEntityId2746715idx1-1-1tarId1459390743601tasnationalorganizationforvictim","https:\/\/www.instagram.com\/novavictims\/"]}]}},"_links":{"self":[{"href":"https:\/\/trynova.org\/es\/wp-json\/wp\/v2\/pages\/647","targetHints":{"allow":["GET"]}}],"collection":[{"href":"https:\/\/trynova.org\/es\/wp-json\/wp\/v2\/pages"}],"about":[{"href":"https:\/\/trynova.org\/es\/wp-json\/wp\/v2\/types\/page"}],"author":[{"embeddable":true,"href":"https:\/\/trynova.org\/es\/wp-json\/wp\/v2\/users\/9"}],"replies":[{"embeddable":true,"href":"https:\/\/trynova.org\/es\/wp-json\/wp\/v2\/comments?post=647"}],"version-history":[{"count":0,"href":"https:\/\/trynova.org\/es\/wp-json\/wp\/v2\/pages\/647\/revisions"}],"wp:attachment":[{"href":"https:\/\/trynova.org\/es\/wp-json\/wp\/v2\/media?parent=647"}],"curies":[{"name":"wp","href":"https:\/\/api.w.org\/{rel}","templated":true}]}}