{"id":1912,"date":"2024-04-18T14:00:21","date_gmt":"2024-04-18T18:00:21","guid":{"rendered":"https:\/\/trynova.org\/?page_id=1912"},"modified":"2024-04-19T08:51:05","modified_gmt":"2024-04-19T12:51:05","slug":"military","status":"publish","type":"page","link":"https:\/\/trynova.org\/es\/initiatives\/military\/","title":{"rendered":"Military Programs"},"content":{"rendered":"<div data-elementor-type=\"wp-page\" data-elementor-id=\"1912\" class=\"elementor elementor-1912\" data-elementor-settings=\"{&quot;ha_cmc_init_switcher&quot;:&quot;no&quot;}\" data-elementor-post-type=\"page\">\n\t\t\t\t<div data-particle_enable=\"false\" data-particle-mobile-disabled=\"false\" class=\"elementor-element elementor-element-23512d33 e-flex e-con-boxed e-con e-parent\" data-id=\"23512d33\" data-element_type=\"container\" data-e-type=\"container\" data-settings=\"{&quot;background_background&quot;:&quot;classic&quot;,&quot;_ha_eqh_enable&quot;:false}\">\n\t\t\t\t\t<div class=\"e-con-inner\">\n\t\t\t\t<div class=\"elementor-element elementor-element-2fd786ac elementor-widget elementor-widget-heading\" data-id=\"2fd786ac\" data-element_type=\"widget\" data-e-type=\"widget\" data-widget_type=\"heading.default\">\n\t\t\t\t<div class=\"elementor-widget-container\">\n\t\t\t\t\t<h1 class=\"elementor-heading-title elementor-size-default\">Supporting Military Victim Advocates and Those They Serve <\/h1>\t\t\t\t<\/div>\n\t\t\t\t<\/div>\n\t\t\t\t\t<\/div>\n\t\t\t\t<\/div>\n\t\t<div data-particle_enable=\"false\" data-particle-mobile-disabled=\"false\" class=\"elementor-element elementor-element-7aa9f8ae e-flex e-con-boxed e-con e-parent\" data-id=\"7aa9f8ae\" data-element_type=\"container\" data-e-type=\"container\" data-settings=\"{&quot;_ha_eqh_enable&quot;:false}\">\n\t\t\t\t\t<div class=\"e-con-inner\">\n\t\t\t\t<div class=\"elementor-element elementor-element-303bd16a elementor-widget elementor-widget-heading\" data-id=\"303bd16a\" data-element_type=\"widget\" data-e-type=\"widget\" data-widget_type=\"heading.default\">\n\t\t\t\t<div class=\"elementor-widget-container\">\n\t\t\t\t\t<h2 class=\"elementor-heading-title elementor-size-default\">Military Advocacy Programs<\/h2>\t\t\t\t<\/div>\n\t\t\t\t<\/div>\n\t\t\t\t<div class=\"elementor-element elementor-element-212b90de elementor-widget elementor-widget-text-editor\" data-id=\"212b90de\" data-element_type=\"widget\" data-e-type=\"widget\" data-widget_type=\"text-editor.default\">\n\t\t\t\t<div class=\"elementor-widget-container\">\n\t\t\t\t\t\t\t\t\t<p style=\"text-align: center;\">NOVA\u2019s Military Advocacy Programs provide training and credentialing to military victim advocates, as well as, civilian criminal justice and allied professionals serving the military community.\u00a0<\/p>\t\t\t\t\t\t\t\t<\/div>\n\t\t\t\t<\/div>\n\t\t\t\t\t<\/div>\n\t\t\t\t<\/div>\n\t\t<div data-particle_enable=\"false\" data-particle-mobile-disabled=\"false\" class=\"elementor-element elementor-element-59bfb9c e-flex e-con-boxed e-con e-parent\" data-id=\"59bfb9c\" data-element_type=\"container\" data-e-type=\"container\" data-settings=\"{&quot;background_background&quot;:&quot;classic&quot;,&quot;_ha_eqh_enable&quot;:false}\">\n\t\t\t\t\t<div class=\"e-con-inner\">\n\t\t\t\t<div class=\"elementor-element elementor-element-59ab647 elementor-widget elementor-widget-heading\" data-id=\"59ab647\" data-element_type=\"widget\" data-e-type=\"widget\" data-widget_type=\"heading.default\">\n\t\t\t\t<div class=\"elementor-widget-container\">\n\t\t\t\t\t<h2 class=\"elementor-heading-title elementor-size-default\">Advocating for Military-Connected Survivors Project<\/h2>\t\t\t\t<\/div>\n\t\t\t\t<\/div>\n\t\t\t\t<div class=\"elementor-element elementor-element-d57bf1a elementor-widget elementor-widget-text-editor\" data-id=\"d57bf1a\" data-element_type=\"widget\" data-e-type=\"widget\" data-widget_type=\"text-editor.default\">\n\t\t\t\t<div class=\"elementor-widget-container\">\n\t\t\t\t\t\t\t\t\t<p>NOVA is proud to serve as the Training and Technical Assistance (TTA) Provider for the Office on Violence Against Women (OVW) Advocating for Military-Connected Survivors Project. In this role, the project team provides TTA to community advocates, civilian criminal justice, and allied professionals responding to military-connected survivors (active duty members, National Guard\/Reserve, Veterans, and Family members) of domestic violence, dating violence, sexual assault, and stalking (DVSAS).<\/p>\t\t\t\t\t\t\t\t<\/div>\n\t\t\t\t<\/div>\n\t\t\t\t<div class=\"elementor-element elementor-element-7e82bde elementor-align-left elementor-widget elementor-widget-button\" data-id=\"7e82bde\" data-element_type=\"widget\" data-e-type=\"widget\" data-widget_type=\"button.default\">\n\t\t\t\t<div class=\"elementor-widget-container\">\n\t\t\t\t\t\t\t\t\t<div class=\"elementor-button-wrapper\">\n\t\t\t\t\t<a class=\"elementor-button elementor-button-link elementor-size-sm\" href=\"https:\/\/trynova.org\/es\/military-advocacy\/\" target=\"_blank\">\n\t\t\t\t\t\t<span class=\"elementor-button-content-wrapper\">\n\t\t\t\t\t\t\t\t\t<span class=\"elementor-button-text\">Aprende m\u00e1s<\/span>\n\t\t\t\t\t<\/span>\n\t\t\t\t\t<\/a>\n\t\t\t\t<\/div>\n\t\t\t\t\t\t\t\t<\/div>\n\t\t\t\t<\/div>\n\t\t\t\t\t<\/div>\n\t\t\t\t<\/div>\n\t\t<div data-particle_enable=\"false\" data-particle-mobile-disabled=\"false\" class=\"elementor-element elementor-element-e8f5a55 e-flex e-con-boxed e-con e-parent\" data-id=\"e8f5a55\" data-element_type=\"container\" data-e-type=\"container\" data-settings=\"{&quot;_ha_eqh_enable&quot;:false}\">\n\t\t\t\t\t<div class=\"e-con-inner\">\n\t\t\t\t<div class=\"elementor-element elementor-element-3363e1c elementor-widget elementor-widget-heading\" data-id=\"3363e1c\" data-element_type=\"widget\" data-e-type=\"widget\" data-widget_type=\"heading.default\">\n\t\t\t\t<div class=\"elementor-widget-container\">\n\t\t\t\t\t<h2 class=\"elementor-heading-title elementor-size-default\">DoD Domestic Abuse Victim Advocate (DAVA) Program<\/h2>\t\t\t\t<\/div>\n\t\t\t\t<\/div>\n\t\t\t\t<div class=\"elementor-element elementor-element-7cbd154 elementor-widget elementor-widget-text-editor\" data-id=\"7cbd154\" data-element_type=\"widget\" data-e-type=\"widget\" data-widget_type=\"text-editor.default\">\n\t\t\t\t<div class=\"elementor-widget-container\">\n\t\t\t\t\t\t\t\t\t<p>NOVA\u2019s DAVA team equips DoD DAVAs with the necessary tools, knowledge and credentialing to provide comprehensive support for people impacted by domestic abuse within military communities, while fostering collaboration and knowledge-sharing across the DoD network.<\/p>\t\t\t\t\t\t\t\t<\/div>\n\t\t\t\t<\/div>\n\t\t\t\t<div class=\"elementor-element elementor-element-7767587 elementor-align-left elementor-widget elementor-widget-button\" data-id=\"7767587\" data-element_type=\"widget\" data-e-type=\"widget\" data-widget_type=\"button.default\">\n\t\t\t\t<div class=\"elementor-widget-container\">\n\t\t\t\t\t\t\t\t\t<div class=\"elementor-button-wrapper\">\n\t\t\t\t\t<a class=\"elementor-button elementor-button-link elementor-size-sm\" href=\"https:\/\/trynova.org\/es\/initiatives\/military-advocacy\/dava-program\/\">\n\t\t\t\t\t\t<span class=\"elementor-button-content-wrapper\">\n\t\t\t\t\t\t\t\t\t<span class=\"elementor-button-text\">Aprende m\u00e1s<\/span>\n\t\t\t\t\t<\/span>\n\t\t\t\t\t<\/a>\n\t\t\t\t<\/div>\n\t\t\t\t\t\t\t\t<\/div>\n\t\t\t\t<\/div>\n\t\t\t\t\t<\/div>\n\t\t\t\t<\/div>\n\t\t<div data-particle_enable=\"false\" data-particle-mobile-disabled=\"false\" class=\"elementor-element elementor-element-063e5bc e-flex e-con-boxed e-con e-parent\" data-id=\"063e5bc\" data-element_type=\"container\" data-e-type=\"container\" data-settings=\"{&quot;background_background&quot;:&quot;classic&quot;,&quot;_ha_eqh_enable&quot;:false}\">\n\t\t\t\t\t<div class=\"e-con-inner\">\n\t\t\t\t<div class=\"elementor-element elementor-element-32352c4 elementor-widget elementor-widget-heading\" data-id=\"32352c4\" data-element_type=\"widget\" data-e-type=\"widget\" data-widget_type=\"heading.default\">\n\t\t\t\t<div class=\"elementor-widget-container\">\n\t\t\t\t\t<h2 class=\"elementor-heading-title elementor-size-default\">Programa de Certificaci\u00f3n de Defensores de Agresi\u00f3n Sexual del DOD (D-SAACP)<\/h2>\t\t\t\t<\/div>\n\t\t\t\t<\/div>\n\t\t\t\t<div class=\"elementor-element elementor-element-b05fb50 elementor-widget elementor-widget-text-editor\" data-id=\"b05fb50\" data-element_type=\"widget\" data-e-type=\"widget\" data-widget_type=\"text-editor.default\">\n\t\t\t\t<div class=\"elementor-widget-container\">\n\t\t\t\t\t\t\t\t\t<p><span style=\"font-weight: 400;\">\u00danase a un campo cada vez mayor de defensores de v\u00edctimas civiles capacitados y certificados que defienden los m\u00e1s altos est\u00e1ndares de atenci\u00f3n y privacidad de las v\u00edctimas. El D-SAACP es para coordinadores de respuesta a agresiones sexuales, gerentes de programas de respuesta y prevenci\u00f3n de agresiones sexuales y defensores de v\u00edctimas de respuesta y prevenci\u00f3n de agresiones sexuales.<\/span><\/p>\t\t\t\t\t\t\t\t<\/div>\n\t\t\t\t<\/div>\n\t\t\t\t<div class=\"elementor-element elementor-element-dd76e6b elementor-align-left elementor-widget elementor-widget-button\" data-id=\"dd76e6b\" data-element_type=\"widget\" data-e-type=\"widget\" data-widget_type=\"button.default\">\n\t\t\t\t<div class=\"elementor-widget-container\">\n\t\t\t\t\t\t\t\t\t<div class=\"elementor-button-wrapper\">\n\t\t\t\t\t<a class=\"elementor-button elementor-button-link elementor-size-sm\" href=\"https:\/\/trynova.org\/es\/d-saacp\/\" target=\"_blank\">\n\t\t\t\t\t\t<span class=\"elementor-button-content-wrapper\">\n\t\t\t\t\t\t\t\t\t<span class=\"elementor-button-text\">Aprende m\u00e1s<\/span>\n\t\t\t\t\t<\/span>\n\t\t\t\t\t<\/a>\n\t\t\t\t<\/div>\n\t\t\t\t\t\t\t\t<\/div>\n\t\t\t\t<\/div>\n\t\t\t\t\t<\/div>\n\t\t\t\t<\/div>\n\t\t\t\t<\/div>","protected":false},"excerpt":{"rendered":"<p>Supporting Military Victim Advocates and Those They Serve Military Advocacy Programs NOVA\u2019s Military Advocacy Programs provide training and credentialing to military victim advocates, as well as, civilian criminal justice and allied professionals serving the military community.\u00a0 Advocating for Military-Connected Survivors Project NOVA is proud to serve as the Training and Technical Assistance (TTA) Provider for [&hellip;]<\/p>\n","protected":false},"author":17,"featured_media":0,"parent":686,"menu_order":0,"comment_status":"closed","ping_status":"closed","template":"","meta":{"_acf_changed":false,"_eb_attr":"","content-type":"","footnotes":""},"class_list":["post-1912","page","type-page","status-publish","hentry"],"acf":[],"yoast_head":"<!-- This site is optimized with the Yoast SEO plugin v27.5 - https:\/\/yoast.com\/product\/yoast-seo-wordpress\/ -->\n<title>Military Programs | NOVA<\/title>\n<meta name=\"robots\" content=\"index, follow, max-snippet:-1, max-image-preview:large, max-video-preview:-1\" \/>\n<link rel=\"canonical\" href=\"https:\/\/trynova.org\/es\/initiatives\/military\/\" \/>\n<meta property=\"og:locale\" content=\"es_MX\" \/>\n<meta property=\"og:type\" content=\"article\" \/>\n<meta property=\"og:title\" content=\"Military Programs | NOVA\" \/>\n<meta property=\"og:description\" content=\"Supporting Military Victim Advocates and Those They Serve Military Advocacy Programs NOVA\u2019s Military Advocacy Programs provide training and credentialing to military victim advocates, as well as, civilian criminal justice and allied professionals serving the military community.\u00a0 Advocating for Military-Connected Survivors Project NOVA is proud to serve as the Training and Technical Assistance (TTA) Provider for [&hellip;]\" \/>\n<meta property=\"og:url\" content=\"https:\/\/trynova.org\/es\/initiatives\/military\/\" \/>\n<meta property=\"og:site_name\" content=\"NOVA\" \/>\n<meta property=\"article:publisher\" content=\"https:\/\/www.facebook.com\/NOVAVictims\" \/>\n<meta property=\"article:modified_time\" content=\"2024-04-19T12:51:05+00:00\" \/>\n<meta property=\"og:image\" content=\"https:\/\/trynova.org\/wp-content\/uploads\/2023\/09\/NOVA_Homepage_Hero_r1_v1.png\" \/>\n\t<meta property=\"og:image:width\" content=\"1440\" \/>\n\t<meta property=\"og:image:height\" content=\"720\" \/>\n\t<meta property=\"og:image:type\" content=\"image\/png\" \/>\n<meta name=\"twitter:card\" content=\"summary_large_image\" \/>\n<meta name=\"twitter:site\" content=\"@NOVAVictims\" \/>\n<meta name=\"twitter:label1\" content=\"Tiempo de lectura\" \/>\n\t<meta name=\"twitter:data1\" content=\"1 minuto\" \/>\n<script type=\"application\/ld+json\" class=\"yoast-schema-graph\">{\"@context\":\"https:\\\/\\\/schema.org\",\"@graph\":[{\"@type\":\"WebPage\",\"@id\":\"https:\\\/\\\/trynova.org\\\/initiatives\\\/military\\\/\",\"url\":\"https:\\\/\\\/trynova.org\\\/initiatives\\\/military\\\/\",\"name\":\"Military Programs | NOVA\",\"isPartOf\":{\"@id\":\"https:\\\/\\\/trynova.org\\\/#website\"},\"datePublished\":\"2024-04-18T18:00:21+00:00\",\"dateModified\":\"2024-04-19T12:51:05+00:00\",\"breadcrumb\":{\"@id\":\"https:\\\/\\\/trynova.org\\\/initiatives\\\/military\\\/#breadcrumb\"},\"inLanguage\":\"es\",\"potentialAction\":[{\"@type\":\"ReadAction\",\"target\":[\"https:\\\/\\\/trynova.org\\\/initiatives\\\/military\\\/\"]}]},{\"@type\":\"BreadcrumbList\",\"@id\":\"https:\\\/\\\/trynova.org\\\/initiatives\\\/military\\\/#breadcrumb\",\"itemListElement\":[{\"@type\":\"ListItem\",\"position\":1,\"name\":\"Home\",\"item\":\"https:\\\/\\\/trynova.org\\\/\"},{\"@type\":\"ListItem\",\"position\":2,\"name\":\"Initiatives\",\"item\":\"https:\\\/\\\/trynova.org\\\/initiatives\\\/\"},{\"@type\":\"ListItem\",\"position\":3,\"name\":\"Military Programs\"}]},{\"@type\":\"WebSite\",\"@id\":\"https:\\\/\\\/trynova.org\\\/#website\",\"url\":\"https:\\\/\\\/trynova.org\\\/\",\"name\":\"National Organization for Victims Advocacy\",\"description\":\"Leading the Nation in Victim Services &amp; Crisis Response\",\"publisher\":{\"@id\":\"https:\\\/\\\/trynova.org\\\/#organization\"},\"alternateName\":\"NOVA\",\"potentialAction\":[{\"@type\":\"SearchAction\",\"target\":{\"@type\":\"EntryPoint\",\"urlTemplate\":\"https:\\\/\\\/trynova.org\\\/?s={search_term_string}\"},\"query-input\":{\"@type\":\"PropertyValueSpecification\",\"valueRequired\":true,\"valueName\":\"search_term_string\"}}],\"inLanguage\":\"es\"},{\"@type\":\"Organization\",\"@id\":\"https:\\\/\\\/trynova.org\\\/#organization\",\"name\":\"National Organization for Victims Adocacy\",\"alternateName\":\"NOVA\",\"url\":\"https:\\\/\\\/trynova.org\\\/\",\"logo\":{\"@type\":\"ImageObject\",\"inLanguage\":\"es\",\"@id\":\"https:\\\/\\\/trynova.org\\\/#\\\/schema\\\/logo\\\/image\\\/\",\"url\":\"https:\\\/\\\/trynova.org\\\/wp-content\\\/uploads\\\/2023\\\/05\\\/NOVA_Logo.png\",\"contentUrl\":\"https:\\\/\\\/trynova.org\\\/wp-content\\\/uploads\\\/2023\\\/05\\\/NOVA_Logo.png\",\"width\":792,\"height\":215,\"caption\":\"National Organization for Victims Adocacy\"},\"image\":{\"@id\":\"https:\\\/\\\/trynova.org\\\/#\\\/schema\\\/logo\\\/image\\\/\"},\"sameAs\":[\"https:\\\/\\\/www.facebook.com\\\/NOVAVictims\",\"https:\\\/\\\/x.com\\\/NOVAVictims\",\"https:\\\/\\\/www.linkedin.com\\\/company\\\/2746715?trk=tyah&trkInfo=clickedVerticalcompanyclickedEntityId2746715idx1-1-1tarId1459390743601tasnationalorganizationforvictim\",\"https:\\\/\\\/www.instagram.com\\\/novavictims\\\/\"]}]}<\/script>\n<!-- \/ Yoast SEO plugin. -->","yoast_head_json":{"title":"Military Programs | NOVA","robots":{"index":"index","follow":"follow","max-snippet":"max-snippet:-1","max-image-preview":"max-image-preview:large","max-video-preview":"max-video-preview:-1"},"canonical":"https:\/\/trynova.org\/es\/initiatives\/military\/","og_locale":"es_MX","og_type":"article","og_title":"Military Programs | NOVA","og_description":"Supporting Military Victim Advocates and Those They Serve Military Advocacy Programs NOVA\u2019s Military Advocacy Programs provide training and credentialing to military victim advocates, as well as, civilian criminal justice and allied professionals serving the military community.\u00a0 Advocating for Military-Connected Survivors Project NOVA is proud to serve as the Training and Technical Assistance (TTA) Provider for [&hellip;]","og_url":"https:\/\/trynova.org\/es\/initiatives\/military\/","og_site_name":"NOVA","article_publisher":"https:\/\/www.facebook.com\/NOVAVictims","article_modified_time":"2024-04-19T12:51:05+00:00","og_image":[{"width":1440,"height":720,"url":"https:\/\/trynova.org\/wp-content\/uploads\/2023\/09\/NOVA_Homepage_Hero_r1_v1.png","type":"image\/png"}],"twitter_card":"summary_large_image","twitter_site":"@NOVAVictims","twitter_misc":{"Tiempo de lectura":"1 minuto"},"schema":{"@context":"https:\/\/schema.org","@graph":[{"@type":"WebPage","@id":"https:\/\/trynova.org\/initiatives\/military\/","url":"https:\/\/trynova.org\/initiatives\/military\/","name":"Military Programs | NOVA","isPartOf":{"@id":"https:\/\/trynova.org\/#website"},"datePublished":"2024-04-18T18:00:21+00:00","dateModified":"2024-04-19T12:51:05+00:00","breadcrumb":{"@id":"https:\/\/trynova.org\/initiatives\/military\/#breadcrumb"},"inLanguage":"es","potentialAction":[{"@type":"ReadAction","target":["https:\/\/trynova.org\/initiatives\/military\/"]}]},{"@type":"BreadcrumbList","@id":"https:\/\/trynova.org\/initiatives\/military\/#breadcrumb","itemListElement":[{"@type":"ListItem","position":1,"name":"Home","item":"https:\/\/trynova.org\/"},{"@type":"ListItem","position":2,"name":"Initiatives","item":"https:\/\/trynova.org\/initiatives\/"},{"@type":"ListItem","position":3,"name":"Military Programs"}]},{"@type":"WebSite","@id":"https:\/\/trynova.org\/#website","url":"https:\/\/trynova.org\/","name":"National Organization for Victims Advocacy","description":"Liderando la Naci\u00f3n en Servicios para V\u00edctimas y Respuesta a Crisis","publisher":{"@id":"https:\/\/trynova.org\/#organization"},"alternateName":"NOVA","potentialAction":[{"@type":"SearchAction","target":{"@type":"EntryPoint","urlTemplate":"https:\/\/trynova.org\/?s={search_term_string}"},"query-input":{"@type":"PropertyValueSpecification","valueRequired":true,"valueName":"search_term_string"}}],"inLanguage":"es"},{"@type":"Organization","@id":"https:\/\/trynova.org\/#organization","name":"National Organization for Victims Adocacy","alternateName":"NOVA","url":"https:\/\/trynova.org\/","logo":{"@type":"ImageObject","inLanguage":"es","@id":"https:\/\/trynova.org\/#\/schema\/logo\/image\/","url":"https:\/\/trynova.org\/wp-content\/uploads\/2023\/05\/NOVA_Logo.png","contentUrl":"https:\/\/trynova.org\/wp-content\/uploads\/2023\/05\/NOVA_Logo.png","width":792,"height":215,"caption":"National Organization for Victims Adocacy"},"image":{"@id":"https:\/\/trynova.org\/#\/schema\/logo\/image\/"},"sameAs":["https:\/\/www.facebook.com\/NOVAVictims","https:\/\/x.com\/NOVAVictims","https:\/\/www.linkedin.com\/company\/2746715?trk=tyah&trkInfo=clickedVerticalcompanyclickedEntityId2746715idx1-1-1tarId1459390743601tasnationalorganizationforvictim","https:\/\/www.instagram.com\/novavictims\/"]}]}},"_links":{"self":[{"href":"https:\/\/trynova.org\/es\/wp-json\/wp\/v2\/pages\/1912","targetHints":{"allow":["GET"]}}],"collection":[{"href":"https:\/\/trynova.org\/es\/wp-json\/wp\/v2\/pages"}],"about":[{"href":"https:\/\/trynova.org\/es\/wp-json\/wp\/v2\/types\/page"}],"author":[{"embeddable":true,"href":"https:\/\/trynova.org\/es\/wp-json\/wp\/v2\/users\/17"}],"replies":[{"embeddable":true,"href":"https:\/\/trynova.org\/es\/wp-json\/wp\/v2\/comments?post=1912"}],"version-history":[{"count":0,"href":"https:\/\/trynova.org\/es\/wp-json\/wp\/v2\/pages\/1912\/revisions"}],"up":[{"embeddable":true,"href":"https:\/\/trynova.org\/es\/wp-json\/wp\/v2\/pages\/686"}],"wp:attachment":[{"href":"https:\/\/trynova.org\/es\/wp-json\/wp\/v2\/media?parent=1912"}],"curies":[{"name":"wp","href":"https:\/\/api.w.org\/{rel}","templated":true}]}}